{"id":26001,"date":"2022-06-26T03:10:38","date_gmt":"2022-06-26T00:10:38","guid":{"rendered":"https:\/\/feyyazinci.com\/?page_id=26001"},"modified":"2024-07-28T05:15:49","modified_gmt":"2024-07-28T02:15:49","slug":"hakkimizda","status":"publish","type":"page","link":"https:\/\/www.feyyazinci.com\/?page_id=26001","title":{"rendered":"Hakk\u0131m\u0131zda"},"content":{"rendered":"\t\t<div data-elementor-type=\"wp-page\" data-elementor-id=\"26001\" class=\"elementor elementor-26001\">\n\t\t\t\t\t\t\t\t\t<section class=\"elementor-section elementor-top-section elementor-element elementor-element-7978532 elementor-section-boxed elementor-section-height-default elementor-section-height-default\" data-id=\"7978532\" data-element_type=\"section\" data-settings=\"{&quot;background_background&quot;:&quot;classic&quot;}\">\n\t\t\t\t\t\t<div class=\"elementor-container elementor-column-gap-default\">\n\t\t\t\t\t<div class=\"elementor-column elementor-col-50 elementor-top-column elementor-element elementor-element-f79489a\" data-id=\"f79489a\" data-element_type=\"column\">\n\t\t\t<div class=\"elementor-widget-wrap elementor-element-populated\">\n\t\t\t\t\t\t\t\t<div class=\"elementor-element elementor-element-c2c0014 elementor-widget__width-auto elementor-invisible elementor-widget elementor-widget-text-editor\" data-id=\"c2c0014\" data-element_type=\"widget\" data-settings=\"{&quot;_animation&quot;:&quot;fadeIn&quot;}\" data-widget_type=\"text-editor.default\">\n\t\t\t\t<div class=\"elementor-widget-container\">\n\t\t\t<style>\/*! elementor - v3.6.6 - 08-06-2022 *\/\n.elementor-widget-text-editor.elementor-drop-cap-view-stacked .elementor-drop-cap{background-color:#818a91;color:#fff}.elementor-widget-text-editor.elementor-drop-cap-view-framed .elementor-drop-cap{color:#818a91;border:3px solid;background-color:transparent}.elementor-widget-text-editor:not(.elementor-drop-cap-view-default) .elementor-drop-cap{margin-top:8px}.elementor-widget-text-editor:not(.elementor-drop-cap-view-default) .elementor-drop-cap-letter{width:1em;height:1em}.elementor-widget-text-editor .elementor-drop-cap{float:left;text-align:center;line-height:1;font-size:50px}.elementor-widget-text-editor .elementor-drop-cap-letter{display:inline-block}<\/style>\t\t\t\t<p>Ramazan Feyyaz \u0130NC\u0130, 2014 y\u0131l\u0131nda \u0130stanbul \u00dcniversitesi Hukuk Fak\u00fcltesi\u2019nden mezun olmu\u015ftur.\u00a0<\/p><p>\u0130stanbul Barosu\u2019na yapt\u0131rd\u0131\u011f\u0131 kayd\u0131n\u0131n ard\u0131ndan 2016 \u2013 2017 y\u0131llar\u0131 aras\u0131nda Eski\u015fehir Muharip Hava Kuvveti Komutanl\u0131\u011f\u0131&#8217;nda Askeri Savc\u0131 olarak yerine getirdi\u011fi vatani g\u00f6revini H\u00e2kim Te\u011fmen r\u00fctbesiyle tamamlam\u0131\u015f ve yeniden Avukatl\u0131k mesle\u011fine d\u00f6nm\u00fc\u015ft\u00fcr.<\/p><p>2019 y\u0131l\u0131nda girmi\u015f oldu\u011fu arabuluculuk s\u0131nav\u0131nda ba\u015far\u0131l\u0131 olmu\u015f, 2020 y\u0131l\u0131 itibariyle Adalet Bakanl\u0131\u011f\u0131 Arabulucular Siciline 13424 sicil say\u0131s\u0131 ile Uzman Arabulucu olarak kaydolmu\u015ftur.<\/p><p>Avukatl\u0131k hizmetlerinin yan\u0131 s\u0131ra \u0130\u015f Hukuku, Ticaret Hukuku, Sigorta Hukuku, Fikri ve S\u0131nai Haklar Hukuku ve T\u00fcketici Hukuku alanlar\u0131nda Uzman Arabulucu\u00a0 olarak faaliyetlerine devam etmektedir.<\/p>\t\t\t\t\t\t<\/div>\n\t\t\t\t<\/div>\n\t\t\t\t<div class=\"elementor-element elementor-element-0f338db elementor-shape-circle elementor-grid-0 e-grid-align-center elementor-widget elementor-widget-social-icons\" data-id=\"0f338db\" data-element_type=\"widget\" data-widget_type=\"social-icons.default\">\n\t\t\t\t<div class=\"elementor-widget-container\">\n\t\t\t<style>\/*! elementor - v3.6.6 - 08-06-2022 *\/\n.elementor-widget-social-icons.elementor-grid-0 .elementor-widget-container,.elementor-widget-social-icons.elementor-grid-mobile-0 .elementor-widget-container,.elementor-widget-social-icons.elementor-grid-tablet-0 .elementor-widget-container{line-height:1;font-size:0}.elementor-widget-social-icons:not(.elementor-grid-0):not(.elementor-grid-tablet-0):not(.elementor-grid-mobile-0) .elementor-grid{display:inline-grid}.elementor-widget-social-icons .elementor-grid{grid-column-gap:var(--grid-column-gap,5px);grid-row-gap:var(--grid-row-gap,5px);grid-template-columns:var(--grid-template-columns);-webkit-box-pack:var(--justify-content,center);-ms-flex-pack:var(--justify-content,center);justify-content:var(--justify-content,center);justify-items:var(--justify-content,center)}.elementor-icon.elementor-social-icon{font-size:var(--icon-size,25px);line-height:var(--icon-size,25px);width:calc(var(--icon-size, 25px) + (2 * var(--icon-padding, .5em)));height:calc(var(--icon-size, 25px) + (2 * var(--icon-padding, .5em)))}.elementor-social-icon{--e-social-icon-icon-color:#fff;display:-webkit-inline-box;display:-ms-inline-flexbox;display:inline-flex;background-color:#818a91;-webkit-box-align:center;-ms-flex-align:center;align-items:center;-webkit-box-pack:center;-ms-flex-pack:center;justify-content:center;text-align:center;cursor:pointer}.elementor-social-icon i{color:var(--e-social-icon-icon-color)}.elementor-social-icon svg{fill:var(--e-social-icon-icon-color)}.elementor-social-icon:last-child{margin:0}.elementor-social-icon:hover{opacity:.9;color:#fff}.elementor-social-icon-android{background-color:#a4c639}.elementor-social-icon-apple{background-color:#999}.elementor-social-icon-behance{background-color:#1769ff}.elementor-social-icon-bitbucket{background-color:#205081}.elementor-social-icon-codepen{background-color:#000}.elementor-social-icon-delicious{background-color:#39f}.elementor-social-icon-deviantart{background-color:#05cc47}.elementor-social-icon-digg{background-color:#005be2}.elementor-social-icon-dribbble{background-color:#ea4c89}.elementor-social-icon-elementor{background-color:#d30c5c}.elementor-social-icon-envelope{background-color:#ea4335}.elementor-social-icon-facebook,.elementor-social-icon-facebook-f{background-color:#3b5998}.elementor-social-icon-flickr{background-color:#0063dc}.elementor-social-icon-foursquare{background-color:#2d5be3}.elementor-social-icon-free-code-camp,.elementor-social-icon-freecodecamp{background-color:#006400}.elementor-social-icon-github{background-color:#333}.elementor-social-icon-gitlab{background-color:#e24329}.elementor-social-icon-globe{background-color:#818a91}.elementor-social-icon-google-plus,.elementor-social-icon-google-plus-g{background-color:#dd4b39}.elementor-social-icon-houzz{background-color:#7ac142}.elementor-social-icon-instagram{background-color:#262626}.elementor-social-icon-jsfiddle{background-color:#487aa2}.elementor-social-icon-link{background-color:#818a91}.elementor-social-icon-linkedin,.elementor-social-icon-linkedin-in{background-color:#0077b5}.elementor-social-icon-medium{background-color:#00ab6b}.elementor-social-icon-meetup{background-color:#ec1c40}.elementor-social-icon-mixcloud{background-color:#273a4b}.elementor-social-icon-odnoklassniki{background-color:#f4731c}.elementor-social-icon-pinterest{background-color:#bd081c}.elementor-social-icon-product-hunt{background-color:#da552f}.elementor-social-icon-reddit{background-color:#ff4500}.elementor-social-icon-rss{background-color:#f26522}.elementor-social-icon-shopping-cart{background-color:#4caf50}.elementor-social-icon-skype{background-color:#00aff0}.elementor-social-icon-slideshare{background-color:#0077b5}.elementor-social-icon-snapchat{background-color:#fffc00}.elementor-social-icon-soundcloud{background-color:#f80}.elementor-social-icon-spotify{background-color:#2ebd59}.elementor-social-icon-stack-overflow{background-color:#fe7a15}.elementor-social-icon-steam{background-color:#00adee}.elementor-social-icon-stumbleupon{background-color:#eb4924}.elementor-social-icon-telegram{background-color:#2ca5e0}.elementor-social-icon-thumb-tack{background-color:#1aa1d8}.elementor-social-icon-tripadvisor{background-color:#589442}.elementor-social-icon-tumblr{background-color:#35465c}.elementor-social-icon-twitch{background-color:#6441a5}.elementor-social-icon-twitter{background-color:#1da1f2}.elementor-social-icon-viber{background-color:#665cac}.elementor-social-icon-vimeo{background-color:#1ab7ea}.elementor-social-icon-vk{background-color:#45668e}.elementor-social-icon-weibo{background-color:#dd2430}.elementor-social-icon-weixin{background-color:#31a918}.elementor-social-icon-whatsapp{background-color:#25d366}.elementor-social-icon-wordpress{background-color:#21759b}.elementor-social-icon-xing{background-color:#026466}.elementor-social-icon-yelp{background-color:#af0606}.elementor-social-icon-youtube{background-color:#cd201f}.elementor-social-icon-500px{background-color:#0099e5}.elementor-shape-rounded .elementor-icon.elementor-social-icon{border-radius:10%}.elementor-shape-circle .elementor-icon.elementor-social-icon{border-radius:50%}<\/style>\t\t<div class=\"elementor-social-icons-wrapper elementor-grid\">\n\t\t\t\t\t\t\t<span class=\"elementor-grid-item\">\n\t\t\t\t\t<a class=\"elementor-icon elementor-social-icon elementor-social-icon-linkedin elementor-animation-shrink elementor-repeater-item-e515af3\" href=\"http:\/\/www.linkedin.com\/in\/feyyaz-inci-99411910b\" target=\"_blank\">\n\t\t\t\t\t\t<span class=\"elementor-screen-only\">Linkedin<\/span>\n\t\t\t\t\t\t<i class=\"fab fa-linkedin\"><\/i>\t\t\t\t\t<\/a>\n\t\t\t\t<\/span>\n\t\t\t\t\t\t\t<span class=\"elementor-grid-item\">\n\t\t\t\t\t<a class=\"elementor-icon elementor-social-icon elementor-social-icon-whatsapp elementor-animation-shrink elementor-repeater-item-431ca5e\" href=\"https:\/\/api.whatsapp.com\/send\/?phone=902129098085&#038;text=Merhaba%2CSize+nas%C4%B1l+yard%C4%B1mc%C4%B1+olabiliriz%3F&#038;type=phone_number&#038;app_absent=0\" target=\"_blank\">\n\t\t\t\t\t\t<span class=\"elementor-screen-only\">Whatsapp<\/span>\n\t\t\t\t\t\t<i class=\"fab fa-whatsapp\"><\/i>\t\t\t\t\t<\/a>\n\t\t\t\t<\/span>\n\t\t\t\t\t<\/div>\n\t\t\t\t<\/div>\n\t\t\t\t<\/div>\n\t\t\t\t\t<\/div>\n\t\t<\/div>\n\t\t\t\t<div class=\"elementor-column elementor-col-50 elementor-top-column elementor-element elementor-element-8271481\" data-id=\"8271481\" data-element_type=\"column\">\n\t\t\t<div class=\"elementor-widget-wrap elementor-element-populated\">\n\t\t\t\t\t\t\t\t<div class=\"elementor-element elementor-element-042d69b elementor-invisible elementor-widget elementor-widget-image\" data-id=\"042d69b\" data-element_type=\"widget\" data-settings=\"{&quot;_animation&quot;:&quot;fadeIn&quot;}\" data-widget_type=\"image.default\">\n\t\t\t\t<div class=\"elementor-widget-container\">\n\t\t\t<style>\/*! elementor - v3.6.6 - 08-06-2022 *\/\n.elementor-widget-image{text-align:center}.elementor-widget-image a{display:inline-block}.elementor-widget-image a img[src$=\".svg\"]{width:48px}.elementor-widget-image img{vertical-align:middle;display:inline-block}<\/style>\t\t\t\t\t\t\t\t\t\t\t\t<img loading=\"lazy\" decoding=\"async\" width=\"682\" height=\"1024\" src=\"https:\/\/www.feyyazinci.com\/wp-content\/uploads\/2024\/07\/3086be86-5312-4cf2-a8ab-b9975b99ad11_Original-682x1024.jpg\" class=\"attachment-large size-large\" alt=\"\" srcset=\"https:\/\/www.feyyazinci.com\/wp-content\/uploads\/2024\/07\/3086be86-5312-4cf2-a8ab-b9975b99ad11_Original-682x1024.jpg 682w, https:\/\/www.feyyazinci.com\/wp-content\/uploads\/2024\/07\/3086be86-5312-4cf2-a8ab-b9975b99ad11_Original-200x300.jpg 200w, https:\/\/www.feyyazinci.com\/wp-content\/uploads\/2024\/07\/3086be86-5312-4cf2-a8ab-b9975b99ad11_Original-768x1153.jpg 768w, https:\/\/www.feyyazinci.com\/wp-content\/uploads\/2024\/07\/3086be86-5312-4cf2-a8ab-b9975b99ad11_Original-1023x1536.jpg 1023w, https:\/\/www.feyyazinci.com\/wp-content\/uploads\/2024\/07\/3086be86-5312-4cf2-a8ab-b9975b99ad11_Original.jpg 1066w\" sizes=\"auto, (max-width: 682px) 85vw, 682px\" \/>\t\t\t\t\t\t\t\t\t\t\t\t\t\t\t<\/div>\n\t\t\t\t<\/div>\n\t\t\t\t\t<\/div>\n\t\t<\/div>\n\t\t\t\t\t\t\t<\/div>\n\t\t<\/section>\n\t\t\t\t\t\t\t<\/div>\n\t\t","protected":false},"excerpt":{"rendered":"<p>Ramazan Feyyaz \u0130NC\u0130, 2014 y\u0131l\u0131nda \u0130stanbul \u00dcniversitesi Hukuk Fak\u00fcltesi\u2019nden mezun olmu\u015ftur.\u00a0 \u0130stanbul Barosu\u2019na yapt\u0131rd\u0131\u011f\u0131 kayd\u0131n\u0131n ard\u0131ndan 2016 \u2013 2017 y\u0131llar\u0131 aras\u0131nda Eski\u015fehir Muharip Hava Kuvveti Komutanl\u0131\u011f\u0131&#8217;nda Askeri Savc\u0131 olarak yerine getirdi\u011fi vatani g\u00f6revini H\u00e2kim Te\u011fmen r\u00fctbesiyle tamamlam\u0131\u015f ve yeniden Avukatl\u0131k mesle\u011fine d\u00f6nm\u00fc\u015ft\u00fcr. 2019 y\u0131l\u0131nda girmi\u015f oldu\u011fu arabuluculuk s\u0131nav\u0131nda ba\u015far\u0131l\u0131 olmu\u015f, 2020 y\u0131l\u0131 itibariyle Adalet Bakanl\u0131\u011f\u0131 &hellip; <a href=\"https:\/\/www.feyyazinci.com\/?page_id=26001\" class=\"more-link\">Okumaya devam et<span class=\"screen-reader-text\"> &#8220;Hakk\u0131m\u0131zda&#8221;<\/span><\/a><\/p>\n","protected":false},"author":1,"featured_media":0,"parent":0,"menu_order":0,"comment_status":"closed","ping_status":"closed","template":"elementor_header_footer","meta":{"_monsterinsights_skip_tracking":false,"_monsterinsights_sitenote_active":false,"_monsterinsights_sitenote_note":"","_monsterinsights_sitenote_category":0,"footnotes":""},"class_list":["post-26001","page","type-page","status-publish","hentry"],"_links":{"self":[{"href":"https:\/\/www.feyyazinci.com\/index.php?rest_route=\/wp\/v2\/pages\/26001","targetHints":{"allow":["GET"]}}],"collection":[{"href":"https:\/\/www.feyyazinci.com\/index.php?rest_route=\/wp\/v2\/pages"}],"about":[{"href":"https:\/\/www.feyyazinci.com\/index.php?rest_route=\/wp\/v2\/types\/page"}],"author":[{"embeddable":true,"href":"https:\/\/www.feyyazinci.com\/index.php?rest_route=\/wp\/v2\/users\/1"}],"replies":[{"embeddable":true,"href":"https:\/\/www.feyyazinci.com\/index.php?rest_route=%2Fwp%2Fv2%2Fcomments&post=26001"}],"version-history":[{"count":19,"href":"https:\/\/www.feyyazinci.com\/index.php?rest_route=\/wp\/v2\/pages\/26001\/revisions"}],"predecessor-version":[{"id":26438,"href":"https:\/\/www.feyyazinci.com\/index.php?rest_route=\/wp\/v2\/pages\/26001\/revisions\/26438"}],"wp:attachment":[{"href":"https:\/\/www.feyyazinci.com\/index.php?rest_route=%2Fwp%2Fv2%2Fmedia&parent=26001"}],"curies":[{"name":"wp","href":"https:\/\/api.w.org\/{rel}","templated":true}]}}